{"id":215,"date":"2019-01-15T13:15:54","date_gmt":"2019-01-15T11:15:54","guid":{"rendered":"http:\/\/www.sukusairanen.fi\/?page_id=215"},"modified":"2021-02-17T16:41:04","modified_gmt":"2021-02-17T14:41:04","slug":"seloste-jasentietojen-kasittelytoiminnasta","status":"publish","type":"page","link":"http:\/\/www.sukusairanen.fi\/?page_id=215","title":{"rendered":"Seloste j\u00e4sentietojen k\u00e4sittelytoiminnasta"},"content":{"rendered":"<p><strong>Sairasten Sukuseura ry<\/strong><\/p>\n<p>16.2.2021<\/p>\n<p>Seloste k\u00e4sittelytoimista<\/p>\n<p>EU:n yleisen tietosuoja-asetuksen 30 artiklan mukainen seloste henkil\u00f6tietojen k\u00e4sittelytoimista Sairasten Sukuseurassa:<\/p>\n<p><strong>Rekisterinpit\u00e4j\u00e4<\/strong><br \/>\nSairasten Sukuseura \u2014 Rekisterinpit\u00e4j\u00e4n edustaja: Hallituksen puheenjohtaja Mikko Sairanen (develope(at)suursaimaa.com).<\/p>\n<p><strong>Henkil\u00f6tietojen k\u00e4sittelij\u00e4t<\/strong><br \/>\nSukuseuran puheenjohtaja Mikko Sairanen (develope(at)suursaimaa.com), varapuheenjohtaja Sakari Sarkimaa (s.sarkimaa(at)gmail.com, j\u00e4senrekisterinhoitaja Heikki Sairanen (sairanen(at)mymts.net), sihteeri Jukka Nokelainen (jukka.nokelainen(at)valmet.com), rahastonhoitaja Sari Suurinkeroinen (sari.suurinkeroinen(at)gmail.com),\u00a0sukurekisterin hoitaja Jarno Skogman (jarno.skogman(at)elisanet.fi) sek\u00e4 hallituksen j\u00e4sen Ulla Silventoinen (usilventoinen(at)gmail.com).<\/p>\n<p><strong>K\u00e4sittelyn tarkoitukset ja oikeusperusteet<br \/>\n<\/strong>Sairasten Sukuseura k\u00e4sittelee henkil\u00f6tietoja seuraavissa tarkoituksissa. J\u00e4senrekisteri \u2014 k\u00e4sittelyn tarkoitukset: Yhdistyslain 11 \u00a7:n mukaisen velvoitteen t\u00e4ytt\u00e4minen ja j\u00e4senetujen hallinnointi \u2014 Oikeusperuste: Rekisterinpit\u00e4j\u00e4n lakis\u00e4\u00e4teisen velvoitteen noudattaminen (tietosuoja-asetuksen 6 artikla kohta 1c). \u2014 Rekister\u00f6idyt: Sukuseuran j\u00e4senet.<\/p>\n<p><strong>K\u00e4sitelt\u00e4v\u00e4t henkil\u00f6tiedot ja niiden s\u00e4ilytysaika<\/strong><br \/>\nSairasten Sukuseura k\u00e4sittelee seuraavia henkil\u00f6tietoja toiminnassaan.<\/p>\n<p><strong>J\u00e4senrekisteri<\/strong> \u2014 K\u00e4sitelt\u00e4v\u00e4t henkil\u00f6tiedot: Rekister\u00f6idyn nimi ja yhteystiedot, ulkomaalaisen osalta my\u00f6s kansalaisuus, sek\u00e4 j\u00e4senmaksun maksutiedot. Tunnistetiedot on saatu rekister\u00f6idylt\u00e4 itselt\u00e4\u00e4n ja maksutiedot on tallennettu maksutapahtuman yhteydess\u00e4. \u2014 S\u00e4ilytysaika: Henkil\u00f6tietoja s\u00e4ilytet\u00e4\u00e4n Sairasten sukuseuran tietoj\u00e4rjestelm\u00e4ss\u00e4 niin kauan kuin henkil\u00f6 on sukuseuran j\u00e4sen ja poistetaan viivytyksett\u00e4 sen j\u00e4lkeen, kun rekister\u00f6idyn ero on astunut voimaan tai h\u00e4net on katsottu eronneeksi, jonka j\u00e4lkeen henkil\u00f6tiedot h\u00e4vitet\u00e4\u00e4n. Kirjanpitoon siirrettyj\u00e4 j\u00e4senmaksun maksutietoja s\u00e4ilytet\u00e4\u00e4n kirjanpitolain 2 luvun 10 \u00a7:n mukaisesti, jonka s\u00e4\u00e4t\u00e4m\u00e4n ajan kuluttua ne h\u00e4vitet\u00e4\u00e4n.<\/p>\n<p><strong>Henkil\u00f6rekisteri<\/strong> sukukirjaa varten \u2014 K\u00e4sitelt\u00e4v\u00e4t henkil\u00f6tiedot: Rekister\u00f6idyn nimi, syntym\u00e4aika ja muut sukututkimuksen kannalta tarpeelliset henkil\u00f6tiedot. Tiedot on ker\u00e4tty arkistoaineistoista ja painetuista l\u00e4hteist\u00e4 tai saatu rekister\u00f6idylt\u00e4 itselt\u00e4\u00e4n. \u2014 S\u00e4ilytysaika: Henkil\u00f6tietoja s\u00e4ilytet\u00e4\u00e4n sukuseuran tietoj\u00e4rjestelm\u00e4ss\u00e4 niin kauan kuin se ko. tarkoitukseen on tarpeellista, jonka j\u00e4lkeen ne h\u00e4vitet\u00e4\u00e4n.<\/p>\n<p><strong>Verkkosivusto<\/strong> \u2014 K\u00e4sitelt\u00e4v\u00e4t henkil\u00f6tiedot: Sairasten sukuseura ei ker\u00e4\u00e4 tietoj\u00e4rjestelm\u00e4\u00e4ns\u00e4 verkkoselaamisesta kertyvi\u00e4 tunnistetietoja (ev\u00e4steit\u00e4). Sukuseura ei k\u00e4sittele palvelimelle kertyvi\u00e4 verkkosivuston k\u00e4ytt\u00e4jien IP-osoitteita.<\/p>\n<p><strong>Henkil\u00f6tietojen jatkok\u00e4sittely <\/strong><br \/>\nSairasten sukuseura ei siirr\u00e4 henkil\u00f6tietoja eik\u00e4 k\u00e4sittele henkil\u00f6tietoja edelleen muihin tarkoituksiin kuin niihin, joihin ne on ker\u00e4tty.<\/p>\n<p>K\u00e4sittelyn turvatoimet Sairasten sukuseura ei k\u00e4sittele henkil\u00f6tietoja, jotka todenn\u00e4k\u00f6isesti aiheuttaisivat rekister\u00f6idyn oikeuksien ja vapauksien kannalta korkean riskin toteutumisen.<\/p>\n<p><strong>Rekister\u00f6idyn oikeudet<\/strong><br \/>\n1. Rekister\u00f6idyll\u00e4 on oikeus saada j\u00e4ljenn\u00f6s itse\u00e4\u00e4n koskevista henkil\u00f6tiedoista.<br \/>\n2. Rekister\u00f6idyll\u00e4 on oikeus saada itse\u00e4\u00e4n koskeva virheellinen henkil\u00f6tieto \u00a0oikaistua.<br \/>\n3. Rekister\u00f6idyll\u00e4 on oikeus saada itse\u00e4\u00e4n koskeva henkil\u00f6tieto poistetuksi rekisterist\u00e4 ja kielt\u00e4\u00e4 henkil\u00f6tietojensa k\u00e4sittely.<br \/>\n4. Rekister\u00f6idyll\u00e4 on oikeus saada itse antamansa henkil\u00f6tiedot siirretyksi toiseen j\u00e4rjestelm\u00e4\u00e4n silloin, kun henkil\u00f6tietojen k\u00e4sittely perustuu suostumukseen tai sopimukseen.<br \/>\n5. Rekister\u00f6idyll\u00e4 on milloin tahansa oikeus peruuttaa antamansa suostumus henkil\u00f6tietojensa k\u00e4sittelylle.<br \/>\n6. Rekister\u00f6idyll\u00e4 on oikeus tehd\u00e4 tietosuoja-asetuksen tai muun lains\u00e4\u00e4d\u00e4nn\u00f6n vastaisesta henkil\u00f6tietojensa k\u00e4sittelyst\u00e4 valitus tietosuojavaltuutetun toimistoon.<\/p>\n","protected":false},"excerpt":{"rendered":"<p>Sairasten Sukuseura ry 16.2.2021 Seloste k\u00e4sittelytoimista EU:n yleisen tietosuoja-asetuksen 30 artiklan mukainen seloste henkil\u00f6tietojen k\u00e4sittelytoimista Sairasten Sukuseurassa: Rekisterinpit\u00e4j\u00e4 Sairasten Sukuseura \u2014 Rekisterinpit\u00e4j\u00e4n edustaja: Hallituksen puheenjohtaja Mikko Sairanen (develope(at)suursaimaa.com). Henkil\u00f6tietojen k\u00e4sittelij\u00e4t Sukuseuran puheenjohtaja Mikko Sairanen (develope(at)suursaimaa.com), varapuheenjohtaja Sakari Sarkimaa (s.sarkimaa(at)gmail.com, j\u00e4senrekisterinhoitaja Heikki Sairanen (sairanen(at)mymts.net), sihteeri Jukka Nokelainen (jukka.nokelainen(at)valmet.com), rahastonhoitaja Sari Suurinkeroinen (sari.suurinkeroinen(at)gmail.com),\u00a0sukurekisterin hoitaja Jarno Skogman (jarno.skogman(at)elisanet.fi) [&hellip;]<\/p>\n","protected":false},"author":1,"featured_media":0,"parent":0,"menu_order":0,"comment_status":"closed","ping_status":"closed","template":"","meta":{"footnotes":""},"class_list":["post-215","page","type-page","status-publish","hentry"],"_links":{"self":[{"href":"http:\/\/www.sukusairanen.fi\/index.php?rest_route=\/wp\/v2\/pages\/215","targetHints":{"allow":["GET"]}}],"collection":[{"href":"http:\/\/www.sukusairanen.fi\/index.php?rest_route=\/wp\/v2\/pages"}],"about":[{"href":"http:\/\/www.sukusairanen.fi\/index.php?rest_route=\/wp\/v2\/types\/page"}],"author":[{"embeddable":true,"href":"http:\/\/www.sukusairanen.fi\/index.php?rest_route=\/wp\/v2\/users\/1"}],"replies":[{"embeddable":true,"href":"http:\/\/www.sukusairanen.fi\/index.php?rest_route=%2Fwp%2Fv2%2Fcomments&post=215"}],"version-history":[{"count":4,"href":"http:\/\/www.sukusairanen.fi\/index.php?rest_route=\/wp\/v2\/pages\/215\/revisions"}],"predecessor-version":[{"id":262,"href":"http:\/\/www.sukusairanen.fi\/index.php?rest_route=\/wp\/v2\/pages\/215\/revisions\/262"}],"wp:attachment":[{"href":"http:\/\/www.sukusairanen.fi\/index.php?rest_route=%2Fwp%2Fv2%2Fmedia&parent=215"}],"curies":[{"name":"wp","href":"https:\/\/api.w.org\/{rel}","templated":true}]}}